{"id":973,"date":"2020-07-29T10:39:39","date_gmt":"2020-07-29T14:39:39","guid":{"rendered":"https:\/\/www.sitraco.com\/jobs\/"},"modified":"2020-10-07T14:20:23","modified_gmt":"2020-10-07T18:20:23","slug":"jobs","status":"publish","type":"page","link":"https:\/\/www.sitraco.com\/en\/jobs\/","title":{"rendered":"Jobs"},"content":{"rendered":"\t\t<div data-elementor-type=\"wp-page\" data-elementor-id=\"973\" class=\"elementor elementor-973 elementor-180\" data-elementor-post-type=\"page\">\n\t\t\t\t\t\t<section class=\"elementor-section elementor-top-section elementor-element elementor-element-8c5855d elementor-section-stretched elementor-section-full_width elementor-section-height-min-height elementor-section-items-bottom elementor-section-height-default elementor-invisible\" data-id=\"8c5855d\" data-element_type=\"section\" data-e-type=\"section\" data-settings=\"{&quot;stretch_section&quot;:&quot;section-stretched&quot;,&quot;background_background&quot;:&quot;classic&quot;,&quot;animation&quot;:&quot;fadeIn&quot;}\">\n\t\t\t\t\t\t\t<div class=\"elementor-background-overlay\"><\/div>\n\t\t\t\t\t\t\t<div class=\"elementor-container elementor-column-gap-default\">\n\t\t\t\t\t<div class=\"elementor-column elementor-col-100 elementor-top-column elementor-element elementor-element-6ea6ea5\" data-id=\"6ea6ea5\" data-element_type=\"column\" data-e-type=\"column\">\n\t\t\t<div class=\"elementor-widget-wrap elementor-element-populated\">\n\t\t\t\t\t\t<div class=\"elementor-element elementor-element-108499a elementor-widget__width-auto elementor-absolute elementor-widget elementor-widget-image\" data-id=\"108499a\" data-element_type=\"widget\" data-e-type=\"widget\" data-settings=\"{&quot;_position&quot;:&quot;absolute&quot;}\" data-widget_type=\"image.default\">\n\t\t\t\t<div class=\"elementor-widget-container\">\n\t\t\t\t\t\t\t\t\t\t\t\t\t\t\t\t<a href=\"#jobs\">\n\t\t\t\t\t\t\t<img decoding=\"async\" width=\"29\" height=\"188\" src=\"https:\/\/www.sitraco.com\/wp-content\/uploads\/2020\/06\/scrolldown.png\" class=\"attachment-large size-large wp-image-934\" alt=\"\" \/>\t\t\t\t\t\t\t\t<\/a>\n\t\t\t\t\t\t\t\t\t\t\t\t\t\t\t<\/div>\n\t\t\t\t<\/div>\n\t\t\t\t<div class=\"elementor-element elementor-element-a5a6728 elementor-widget elementor-widget-heading\" data-id=\"a5a6728\" data-element_type=\"widget\" data-e-type=\"widget\" data-widget_type=\"heading.default\">\n\t\t\t\t<div class=\"elementor-widget-container\">\n\t\t\t\t\t<h1 class=\"elementor-heading-title elementor-size-default\">JOBS<\/h1>\t\t\t\t<\/div>\n\t\t\t\t<\/div>\n\t\t\t\t\t<\/div>\n\t\t<\/div>\n\t\t\t\t\t<\/div>\n\t\t<\/section>\n\t\t\t\t<section class=\"elementor-section elementor-top-section elementor-element elementor-element-7565a08 elementor-section-height-min-height elementor-section-boxed elementor-section-height-default elementor-section-items-middle\" data-id=\"7565a08\" data-element_type=\"section\" data-e-type=\"section\" id=\"emplois\" data-settings=\"{&quot;background_background&quot;:&quot;classic&quot;}\">\n\t\t\t\t\t\t<div class=\"elementor-container elementor-column-gap-default\">\n\t\t\t\t\t<div class=\"elementor-column elementor-col-100 elementor-top-column elementor-element elementor-element-5bbda77\" data-id=\"5bbda77\" data-element_type=\"column\" data-e-type=\"column\">\n\t\t\t<div class=\"elementor-widget-wrap elementor-element-populated\">\n\t\t\t\t\t\t<div class=\"elementor-element elementor-element-17a0387 elementor-widget elementor-widget-text-editor\" data-id=\"17a0387\" data-element_type=\"widget\" data-e-type=\"widget\" data-widget_type=\"text-editor.default\">\n\t\t\t\t<div class=\"elementor-widget-container\">\n\t\t\t\t\t\t\t\t\t<p>A job at Sitraco is an opportunity to belong to a team well recognized in the market and to contribute to the success of our company, which has offered quality kitchen cabinets for over 40 years.<\/p>\n<p>Constantly on the lookout for the latest innovations in terms of design and technology, Sitraco is the benchmark in manufacturing kitchen and bathroom cabinets for construction projects around the world. You would like to be part of our dynamic team and be one of our pillars? <\/p>\n<p>We are located in Saint-Joseph-de-Beauce, and we are constantly looking for the best talent in our industry\u2019s different business sectors.<\/p>\n\t\t\t\t\t\t\t\t<\/div>\n\t\t\t\t<\/div>\n\t\t\t\t<div class=\"elementor-element elementor-element-4a4ecae elementor-widget elementor-widget-video\" data-id=\"4a4ecae\" data-element_type=\"widget\" data-e-type=\"widget\" data-settings=\"{&quot;video_type&quot;:&quot;hosted&quot;,&quot;controls&quot;:&quot;yes&quot;}\" data-widget_type=\"video.default\">\n\t\t\t\t<div class=\"elementor-widget-container\">\n\t\t\t\t\t\t\t<div class=\"e-hosted-video elementor-wrapper elementor-open-inline\">\n\t\t\t\t\t<video class=\"elementor-video\" src=\"https:\/\/www.sitraco.com\/wp-content\/uploads\/2020\/09\/20-09-24Video-Recrutement-Sitraco-30sec.mp4\" controls=\"\" preload=\"metadata\" controlsList=\"nodownload\"><\/video>\n\t\t\t\t<\/div>\n\t\t\t\t\t\t<\/div>\n\t\t\t\t<\/div>\n\t\t\t\t\t<\/div>\n\t\t<\/div>\n\t\t\t\t\t<\/div>\n\t\t<\/section>\n\t\t\t\t<section class=\"elementor-section elementor-top-section elementor-element elementor-element-ebc503f elementor-section-boxed elementor-section-height-default elementor-section-height-default\" data-id=\"ebc503f\" data-element_type=\"section\" data-e-type=\"section\">\n\t\t\t\t\t\t<div class=\"elementor-container elementor-column-gap-default\">\n\t\t\t\t\t<div class=\"elementor-column elementor-col-100 elementor-top-column elementor-element elementor-element-0ec9339\" data-id=\"0ec9339\" data-element_type=\"column\" data-e-type=\"column\">\n\t\t\t<div class=\"elementor-widget-wrap elementor-element-populated\">\n\t\t\t\t\t\t<div class=\"elementor-element elementor-element-41b7954 elementor-widget elementor-widget-toolset-view\" data-id=\"41b7954\" data-element_type=\"widget\" data-e-type=\"widget\" data-widget_type=\"toolset-view.default\">\n\t\t\t\t<div class=\"elementor-widget-container\">\n\t\t\t\t\t<form autocomplete=\"off\" name=\"wpv-filter-531\" action=\"\/en\/wp-json\/wp\/v2\/pages\/973?wpv_view_count=531\" method=\"get\" class=\"wpv-filter-form js-wpv-filter-form js-wpv-filter-form-531 js-wpv-form-full\" data-viewnumber=\"531\" data-viewid=\"531\" data-viewhash=\"eyJpZCI6NTMxLCJvcmRlciI6ImRlZmF1bHQiLCJvcmRlcmJ5X3NlY29uZCI6ImRlZmF1bHQiLCJvcmRlcl9zZWNvbmQiOiJkZWZhdWx0In0=\" data-viewwidgetid=\"0\" data-orderby=\"\" data-order=\"\" data-orderbyas=\"\" data-orderbysecond=\"\" data-ordersecond=\"\" data-parametric=\"{&quot;query&quot;:&quot;normal&quot;,&quot;id&quot;:531,&quot;view_id&quot;:531,&quot;widget_id&quot;:0,&quot;view_hash&quot;:&quot;531&quot;,&quot;action&quot;:&quot;\\\/en\\\/wp-json\\\/wp\\\/v2\\\/pages\\\/973?wpv_view_count=531&quot;,&quot;sort&quot;:{&quot;orderby&quot;:&quot;&quot;,&quot;order&quot;:&quot;&quot;,&quot;orderby_as&quot;:&quot;&quot;,&quot;orderby_second&quot;:&quot;&quot;,&quot;order_second&quot;:&quot;&quot;},&quot;orderby&quot;:&quot;&quot;,&quot;order&quot;:&quot;&quot;,&quot;orderby_as&quot;:&quot;&quot;,&quot;orderby_second&quot;:&quot;&quot;,&quot;order_second&quot;:&quot;&quot;,&quot;ajax_form&quot;:&quot;&quot;,&quot;ajax_results&quot;:&quot;&quot;,&quot;effect&quot;:&quot;fade&quot;,&quot;prebefore&quot;:&quot;&quot;,&quot;before&quot;:&quot;&quot;,&quot;after&quot;:&quot;&quot;,&quot;attributes&quot;:{&quot;id&quot;:531,&quot;order&quot;:&quot;default&quot;,&quot;orderby_second&quot;:&quot;default&quot;,&quot;order_second&quot;:&quot;default&quot;},&quot;environment&quot;:{&quot;current_post_id&quot;:973,&quot;parent_post_id&quot;:973,&quot;parent_term_id&quot;:0,&quot;parent_user_id&quot;:0,&quot;archive&quot;:{&quot;type&quot;:&quot;&quot;,&quot;name&quot;:&quot;&quot;,&quot;data&quot;:[]}},&quot;loop&quot;:{&quot;type&quot;:&quot;&quot;,&quot;name&quot;:&quot;&quot;,&quot;data&quot;:[],&quot;id&quot;:0}}\" data-attributes=\"{&quot;id&quot;:531,&quot;order&quot;:&quot;default&quot;,&quot;orderby_second&quot;:&quot;default&quot;,&quot;order_second&quot;:&quot;default&quot;}\" data-environment=\"{&quot;current_post_id&quot;:973,&quot;parent_post_id&quot;:973,&quot;parent_term_id&quot;:0,&quot;parent_user_id&quot;:0,&quot;archive&quot;:{&quot;type&quot;:&quot;&quot;,&quot;name&quot;:&quot;&quot;,&quot;data&quot;:[]}}\"><input type=\"hidden\" class=\"js-wpv-dps-filter-data js-wpv-filter-data-for-this-form\" data-action=\"\/en\/wp-json\/wp\/v2\/pages\/973?wpv_view_count=531\" data-page=\"1\" data-ajax=\"disable\" data-effect=\"fade\" data-maxpages=\"1\" data-ajaxprebefore=\"\" data-ajaxbefore=\"\" data-ajaxafter=\"\" \/><input class=\"wpv_view_count wpv_view_count-531\" type=\"hidden\" name=\"wpv_view_count\" value=\"531\" \/>\n\n<\/form>\n<div id=\"wpv-view-layout-531\" class=\"js-wpv-view-layout js-wpv-layout-responsive js-wpv-view-layout-531\" data-viewnumber=\"531\" data-pagination=\"{&quot;id&quot;:531,&quot;query&quot;:&quot;normal&quot;,&quot;type&quot;:&quot;paged&quot;,&quot;effect&quot;:&quot;fade&quot;,&quot;duration&quot;:500,&quot;speed&quot;:5,&quot;pause_on_hover&quot;:&quot;disabled&quot;,&quot;stop_rollover&quot;:&quot;false&quot;,&quot;cache_pages&quot;:&quot;enabled&quot;,&quot;preload_images&quot;:&quot;enabled&quot;,&quot;preload_pages&quot;:&quot;enabled&quot;,&quot;preload_reach&quot;:1,&quot;spinner&quot;:&quot;builtin&quot;,&quot;spinner_image&quot;:&quot;https:\/\/www.sitraco.com\/wp-content\/plugins\/wp-views\/embedded\/res\/img\/ajax-loader.gif&quot;,&quot;callback_next&quot;:&quot;&quot;,&quot;manage_history&quot;:&quot;disabled&quot;,&quot;has_controls_in_form&quot;:&quot;disabled&quot;,&quot;infinite_tolerance&quot;:&quot;0&quot;,&quot;max_pages&quot;:1,&quot;page&quot;:1,&quot;base_permalink&quot;:&quot;\/en\/wp-json\/wp\/v2\/pages\/973?wpv_view_count=531&amp;wpv_paged=WPV_PAGE_NUM&quot;,&quot;loop&quot;:{&quot;type&quot;:&quot;&quot;,&quot;name&quot;:&quot;&quot;,&quot;data&quot;:[],&quot;id&quot;:0}}\" data-permalink=\"\/en\/wp-json\/wp\/v2\/pages\/973?wpv_view_count=531\">\n\n\t\n\t\n\t\n\t\t\n\t\t<div class=\"row \">\n\t\t\t<div class=\"col-md-6\">\n              \t<div class=\"emplois__listing--container\">\n                  \n<figure class=\"wp-block-image tb-image tb-image-dynamic\" data-toolset-blocks-image=\"f76b7b6ead7e3a33edaedc1694d6fcd4\"><img fetchpriority=\"high\" width=\"1024\" height=\"684\" decoding=\"async\" src=\"https:\/\/www.sitraco.com\/wp-content\/uploads\/2020\/07\/TheSudbury_Interior_Model_Kitchen_10.2020-1024x684.jpg\" alt=\"\" class=\"wp-image-1447\" srcset=\"https:\/\/www.sitraco.com\/wp-content\/uploads\/2020\/07\/TheSudbury_Interior_Model_Kitchen_10.2020-1024x684.jpg 1024w, https:\/\/www.sitraco.com\/wp-content\/uploads\/2020\/07\/TheSudbury_Interior_Model_Kitchen_10.2020-300x200.jpg 300w, https:\/\/www.sitraco.com\/wp-content\/uploads\/2020\/07\/TheSudbury_Interior_Model_Kitchen_10.2020-768x513.jpg 768w, https:\/\/www.sitraco.com\/wp-content\/uploads\/2020\/07\/TheSudbury_Interior_Model_Kitchen_10.2020-1536x1025.jpg 1536w, https:\/\/www.sitraco.com\/wp-content\/uploads\/2020\/07\/TheSudbury_Interior_Model_Kitchen_10.2020-2048x1367.jpg 2048w\" sizes=\"(max-width: 1024px) 100vw, 1024px\" \/><\/figure>\n\n\n\n<div class=\"wp-block-group emplois__listing--desc\"><div class=\"wp-block-group__inner-container is-layout-flow wp-block-group-is-layout-flow\">\n<div class=\"tb-field\" data-toolset-blocks-field=\"dad87ee09fe0064849570fbb0a86afa2\"><a href=\"https:\/\/www.sitraco.com\/en\/emploi\/dessinateur\/\">Dessinateur<\/a><\/div>\n\n\n\n<div class=\"tb-button\" data-toolset-blocks-button=\"8d57177aff2db1e8961cff47169b338d\"><a class=\"tb-button__link\" href=\"https:\/\/www.sitraco.com\/en\/emploi\/dessinateur\/\"><span class=\"tb-button__content\">conna\u00eetre les informations<\/span><i class=\"tb-button__icon\"><\/i><\/a><\/div>\n<\/div><\/div>\n\n              \t<\/div>\n              <\/div>\n\t\t\n\t\t\n\t\t\t<div class=\"col-md-6\">\n              <div class=\"emplois__listing--container\">\n              \n<figure class=\"wp-block-image tb-image tb-image-dynamic\" data-toolset-blocks-image=\"f76b7b6ead7e3a33edaedc1694d6fcd4\"><img width=\"1024\" height=\"683\" decoding=\"async\" src=\"https:\/\/www.sitraco.com\/wp-content\/uploads\/2020\/09\/image-journalier-1024x683.jpg\" alt=\"\" class=\"wp-image-1240\" srcset=\"https:\/\/www.sitraco.com\/wp-content\/uploads\/2020\/09\/image-journalier-1024x683.jpg 1024w, https:\/\/www.sitraco.com\/wp-content\/uploads\/2020\/09\/image-journalier-300x200.jpg 300w, https:\/\/www.sitraco.com\/wp-content\/uploads\/2020\/09\/image-journalier-768x512.jpg 768w, https:\/\/www.sitraco.com\/wp-content\/uploads\/2020\/09\/image-journalier-1536x1024.jpg 1536w, https:\/\/www.sitraco.com\/wp-content\/uploads\/2020\/09\/image-journalier-2048x1365.jpg 2048w\" sizes=\"(max-width: 1024px) 100vw, 1024px\" \/><\/figure>\n\n\n\n<div class=\"wp-block-group emplois__listing--desc\"><div class=\"wp-block-group__inner-container is-layout-flow wp-block-group-is-layout-flow\">\n<div class=\"tb-field\" data-toolset-blocks-field=\"dad87ee09fe0064849570fbb0a86afa2\"><a href=\"https:\/\/www.sitraco.com\/en\/emploi\/journalier-dusine\/\">Journalier d&#8217;usine<\/a><\/div>\n\n\n\n<div class=\"tb-button\" data-toolset-blocks-button=\"8d57177aff2db1e8961cff47169b338d\"><a class=\"tb-button__link\" href=\"https:\/\/www.sitraco.com\/en\/emploi\/journalier-dusine\/\"><span class=\"tb-button__content\">conna\u00eetre les informations<\/span><i class=\"tb-button__icon\"><\/i><\/a><\/div>\n<\/div><\/div>\n\n              <\/div> \n          <\/div>\n\t\t<\/div>\n\t\t\n\t\t\n\t\t<div class=\"row \">\n\t\t\t<div class=\"col-md-6\">\n              \t<div class=\"emplois__listing--container\">\n                  \n<figure class=\"wp-block-image tb-image tb-image-dynamic\" data-toolset-blocks-image=\"f76b7b6ead7e3a33edaedc1694d6fcd4\"><img loading=\"lazy\" width=\"1024\" height=\"683\" decoding=\"async\" src=\"https:\/\/www.sitraco.com\/wp-content\/uploads\/2020\/07\/PREPOSE-AU-CHARGEMENT-1-1024x683.jpg\" alt=\"\" class=\"wp-image-918\" srcset=\"https:\/\/www.sitraco.com\/wp-content\/uploads\/2020\/07\/PREPOSE-AU-CHARGEMENT-1-1024x683.jpg 1024w, https:\/\/www.sitraco.com\/wp-content\/uploads\/2020\/07\/PREPOSE-AU-CHARGEMENT-1-300x200.jpg 300w, https:\/\/www.sitraco.com\/wp-content\/uploads\/2020\/07\/PREPOSE-AU-CHARGEMENT-1-768x512.jpg 768w, https:\/\/www.sitraco.com\/wp-content\/uploads\/2020\/07\/PREPOSE-AU-CHARGEMENT-1.jpg 1300w\" sizes=\"(max-width: 1024px) 100vw, 1024px\" \/><\/figure>\n\n\n\n<div class=\"wp-block-group emplois__listing--desc\"><div class=\"wp-block-group__inner-container is-layout-flow wp-block-group-is-layout-flow\">\n<div class=\"tb-field\" data-toolset-blocks-field=\"dad87ee09fe0064849570fbb0a86afa2\"><a href=\"https:\/\/www.sitraco.com\/en\/emploi\/prepose-au-chargement\/\">Pr\u00e9pos\u00e9 au chargement<\/a><\/div>\n\n\n\n<div class=\"tb-button\" data-toolset-blocks-button=\"8d57177aff2db1e8961cff47169b338d\"><a class=\"tb-button__link\" href=\"https:\/\/www.sitraco.com\/en\/emploi\/prepose-au-chargement\/\"><span class=\"tb-button__content\">conna\u00eetre les informations<\/span><i class=\"tb-button__icon\"><\/i><\/a><\/div>\n<\/div><\/div>\n\n              \t<\/div>\n              <\/div>\n\t\t\n\t\t\n\t\t\t<div class=\"col-md-6\">\n              <div class=\"emplois__listing--container\">\n              \n<figure class=\"wp-block-image tb-image tb-image-dynamic\" data-toolset-blocks-image=\"f76b7b6ead7e3a33edaedc1694d6fcd4\"><img loading=\"lazy\" width=\"1024\" height=\"683\" decoding=\"async\" src=\"https:\/\/www.sitraco.com\/wp-content\/uploads\/2020\/07\/OPERATEUR-MACHINE-CONTROLE-NUMERIQUE-1024x683.jpg\" alt=\"\" class=\"wp-image-914\" srcset=\"https:\/\/www.sitraco.com\/wp-content\/uploads\/2020\/07\/OPERATEUR-MACHINE-CONTROLE-NUMERIQUE-1024x683.jpg 1024w, https:\/\/www.sitraco.com\/wp-content\/uploads\/2020\/07\/OPERATEUR-MACHINE-CONTROLE-NUMERIQUE-300x200.jpg 300w, https:\/\/www.sitraco.com\/wp-content\/uploads\/2020\/07\/OPERATEUR-MACHINE-CONTROLE-NUMERIQUE-768x512.jpg 768w, https:\/\/www.sitraco.com\/wp-content\/uploads\/2020\/07\/OPERATEUR-MACHINE-CONTROLE-NUMERIQUE.jpg 1300w\" sizes=\"(max-width: 1024px) 100vw, 1024px\" \/><\/figure>\n\n\n\n<div class=\"wp-block-group emplois__listing--desc\"><div class=\"wp-block-group__inner-container is-layout-flow wp-block-group-is-layout-flow\">\n<div class=\"tb-field\" data-toolset-blocks-field=\"dad87ee09fe0064849570fbb0a86afa2\"><a href=\"https:\/\/www.sitraco.com\/en\/emploi\/operateur-machine-a-controle-numerique\/\">Op\u00e9rateur machine \u00e0 contr\u00f4le num\u00e9rique<\/a><\/div>\n\n\n\n<div class=\"tb-button\" data-toolset-blocks-button=\"8d57177aff2db1e8961cff47169b338d\"><a class=\"tb-button__link\" href=\"https:\/\/www.sitraco.com\/en\/emploi\/operateur-machine-a-controle-numerique\/\"><span class=\"tb-button__content\">conna\u00eetre les informations<\/span><i class=\"tb-button__icon\"><\/i><\/a><\/div>\n<\/div><\/div>\n\n              <\/div> \n          <\/div>\n\t\t<\/div>\n\t\t\n\t\t\n\t\t<div class=\"row \">\n\t\t\t<div class=\"col-md-6\">\n              \t<div class=\"emplois__listing--container\">\n                  \n<figure class=\"wp-block-image tb-image tb-image-dynamic\" data-toolset-blocks-image=\"f76b7b6ead7e3a33edaedc1694d6fcd4\"><img loading=\"lazy\" width=\"1024\" height=\"683\" decoding=\"async\" src=\"https:\/\/www.sitraco.com\/wp-content\/uploads\/2020\/07\/ASSEMBLEUR-DE-MEUBLES-1024x683.jpg\" alt=\"\" class=\"wp-image-910\" srcset=\"https:\/\/www.sitraco.com\/wp-content\/uploads\/2020\/07\/ASSEMBLEUR-DE-MEUBLES-1024x683.jpg 1024w, https:\/\/www.sitraco.com\/wp-content\/uploads\/2020\/07\/ASSEMBLEUR-DE-MEUBLES-300x200.jpg 300w, https:\/\/www.sitraco.com\/wp-content\/uploads\/2020\/07\/ASSEMBLEUR-DE-MEUBLES-768x512.jpg 768w, https:\/\/www.sitraco.com\/wp-content\/uploads\/2020\/07\/ASSEMBLEUR-DE-MEUBLES.jpg 1300w\" sizes=\"(max-width: 1024px) 100vw, 1024px\" \/><\/figure>\n\n\n\n<div class=\"wp-block-group emplois__listing--desc\"><div class=\"wp-block-group__inner-container is-layout-flow wp-block-group-is-layout-flow\">\n<div class=\"tb-field\" data-toolset-blocks-field=\"dad87ee09fe0064849570fbb0a86afa2\"><a href=\"https:\/\/www.sitraco.com\/en\/emploi\/assembleur-de-meubles\/\">Assembleur de meubles<\/a><\/div>\n\n\n\n<div class=\"tb-button\" data-toolset-blocks-button=\"8d57177aff2db1e8961cff47169b338d\"><a class=\"tb-button__link\" href=\"https:\/\/www.sitraco.com\/en\/emploi\/assembleur-de-meubles\/\"><span class=\"tb-button__content\">conna\u00eetre les informations<\/span><i class=\"tb-button__icon\"><\/i><\/a><\/div>\n<\/div><\/div>\n\n              \t<\/div>\n              <\/div>\n\t\t\n\t\t\n\t\t\t<div class=\"col-md-6\">\n              <div class=\"emplois__listing--container\">\n              \n<figure class=\"wp-block-image tb-image tb-image-dynamic\" data-toolset-blocks-image=\"f76b7b6ead7e3a33edaedc1694d6fcd4\"><img loading=\"lazy\" width=\"1024\" height=\"683\" decoding=\"async\" src=\"https:\/\/www.sitraco.com\/wp-content\/uploads\/2020\/07\/MACHINISTE-CNC-1024x683.jpg\" alt=\"\" class=\"wp-image-912\" srcset=\"https:\/\/www.sitraco.com\/wp-content\/uploads\/2020\/07\/MACHINISTE-CNC-1024x683.jpg 1024w, https:\/\/www.sitraco.com\/wp-content\/uploads\/2020\/07\/MACHINISTE-CNC-300x200.jpg 300w, https:\/\/www.sitraco.com\/wp-content\/uploads\/2020\/07\/MACHINISTE-CNC-768x512.jpg 768w, https:\/\/www.sitraco.com\/wp-content\/uploads\/2020\/07\/MACHINISTE-CNC.jpg 1300w\" sizes=\"(max-width: 1024px) 100vw, 1024px\" \/><\/figure>\n\n\n\n<div class=\"wp-block-group emplois__listing--desc\"><div class=\"wp-block-group__inner-container is-layout-flow wp-block-group-is-layout-flow\">\n<div class=\"tb-field\" data-toolset-blocks-field=\"dad87ee09fe0064849570fbb0a86afa2\"><a href=\"https:\/\/www.sitraco.com\/en\/emploi\/machiniste-cnc\/\">Machiniste CNC<\/a><\/div>\n\n\n\n<div class=\"tb-button\" data-toolset-blocks-button=\"8d57177aff2db1e8961cff47169b338d\"><a class=\"tb-button__link\" href=\"https:\/\/www.sitraco.com\/en\/emploi\/machiniste-cnc\/\"><span class=\"tb-button__content\">conna\u00eetre les informations<\/span><i class=\"tb-button__icon\"><\/i><\/a><\/div>\n<\/div><\/div>\n\n              <\/div> \n          <\/div>\n\t\t<\/div>\n\t\t\n\t\n\t\n\t\n<\/div>\n\t\t\t\t<\/div>\n\t\t\t\t<\/div>\n\t\t\t\t\t<\/div>\n\t\t<\/div>\n\t\t\t\t\t<\/div>\n\t\t<\/section>\n\t\t\t\t<\/div>\n\t\t","protected":false},"excerpt":{"rendered":"<p>JOBS A job at Sitraco is an opportunity to belong to a team well recognized in the market and to contribute to the success of our company, which has offered quality kitchen cabinets for over 40 years. Constantly on the lookout for the latest innovations in terms of design and technology, Sitraco is the benchmark [&hellip;]<\/p>\n","protected":false},"author":2,"featured_media":0,"parent":0,"menu_order":0,"comment_status":"closed","ping_status":"closed","template":"elementor_header_footer","meta":{"footnotes":""},"class_list":["post-973","page","type-page","status-publish","hentry"],"_links":{"self":[{"href":"https:\/\/www.sitraco.com\/en\/wp-json\/wp\/v2\/pages\/973","targetHints":{"allow":["GET"]}}],"collection":[{"href":"https:\/\/www.sitraco.com\/en\/wp-json\/wp\/v2\/pages"}],"about":[{"href":"https:\/\/www.sitraco.com\/en\/wp-json\/wp\/v2\/types\/page"}],"author":[{"embeddable":true,"href":"https:\/\/www.sitraco.com\/en\/wp-json\/wp\/v2\/users\/2"}],"replies":[{"embeddable":true,"href":"https:\/\/www.sitraco.com\/en\/wp-json\/wp\/v2\/comments?post=973"}],"version-history":[{"count":8,"href":"https:\/\/www.sitraco.com\/en\/wp-json\/wp\/v2\/pages\/973\/revisions"}],"predecessor-version":[{"id":1331,"href":"https:\/\/www.sitraco.com\/en\/wp-json\/wp\/v2\/pages\/973\/revisions\/1331"}],"wp:attachment":[{"href":"https:\/\/www.sitraco.com\/en\/wp-json\/wp\/v2\/media?parent=973"}],"curies":[{"name":"wp","href":"https:\/\/api.w.org\/{rel}","templated":true}]}}